{"id":88,"date":"2022-11-04T14:50:53","date_gmt":"2022-11-04T13:50:53","guid":{"rendered":"https:\/\/reahmdev.wordpress.com\/?page_id=33"},"modified":"2023-03-27T12:28:26","modified_gmt":"2023-03-27T10:28:26","slug":"nos-missions","status":"publish","type":"page","link":"https:\/\/reahm-developpement.com\/index.php\/nos-missions\/","title":{"rendered":"NOS MISSIONS"},"content":{"rendered":"\n<div class=\"wp-block-group alignfull\"><div class=\"wp-block-group__inner-container is-layout-constrained wp-block-group-is-layout-constrained\">\n<div class=\"wp-block-group alignwide\"><div class=\"wp-block-group__inner-container is-layout-constrained wp-block-group-is-layout-constrained\">\n<p class=\"has-text-color\" style=\"color:#070000\">Chaque projet est unique.<br>C&rsquo;est une analyse fine des enjeux et des sp\u00e9cificit\u00e9s de l&rsquo;op\u00e9ration qui permet de proposer une <strong>prestation sur-mesure <\/strong>et mettre en place l&rsquo;\u00e9quipe associ\u00e9e.<\/p>\n\n\n\n<p class=\"has-black-color has-text-color\">Depuis la d\u00e9finition des besoins jusqu&rsquo;\u00e0 la mise en exploitation, notre \u00e9quipe intervient <strong>\u00e0 la fois au niveau strat\u00e9gique et op\u00e9rationnel<\/strong> pour d\u00e9fendre les int\u00e9r\u00eats de nos clients:<\/p>\n\n\n\n<p class=\"has-black-color has-text-color\"><strong>Assistance \u00e0 Ma\u00eetrise d&rsquo;Ouvrage (AMO)<\/strong><\/p>\n\n\n\n<p class=\"has-black-color has-text-color\"><strong>Ma\u00eetrise d&rsquo;Ouvrage D\u00e9l\u00e9gu\u00e9e (MOD)<\/strong><\/p>\n\n\n\n<p class=\"has-black-color has-text-color\"><strong>Conseil, Montage, Strat\u00e9gie &amp; Co-d\u00e9veloppement<\/strong><\/p>\n\n\n\n<p><strong>Audit &amp; <\/strong><b>expertise<\/b><\/p>\n<\/div><\/div>\n\n\n\n<p><\/p>\n<\/div><\/div>\n\n\n\n<hr class=\"wp-block-separator has-alpha-channel-opacity\"\/>\n\n\n\n<p><\/p>\n\n\n\n<h2 class=\"wp-block-heading\" style=\"padding-top:var(--wp--preset--spacing--40);padding-right:var(--wp--preset--spacing--40);padding-bottom:var(--wp--preset--spacing--40);padding-left:var(--wp--preset--spacing--40)\">  ASSISTANCE \u00c0 MA\u00ceTRISE D&rsquo;OUVRAGE (AMO)<\/h2>\n\n\n\n<div class=\"wp-block-media-text has-media-on-the-right is-stacked-on-mobile\" style=\"padding-top:var(--wp--preset--spacing--40);padding-right:var(--wp--preset--spacing--40);padding-bottom:var(--wp--preset--spacing--40);padding-left:var(--wp--preset--spacing--40);grid-template-columns:auto 46%\"><div class=\"wp-block-media-text__content\">\n<p class=\"has-black-color has-text-color\">La mission d&rsquo;Assistance au Ma\u00eetre d&rsquo;Ouvrage est dimensionn\u00e9e en fonction des attentes du client.<\/p>\n\n\n\n<p class=\"has-black-color has-text-color\"><strong>Analyse et ma\u00eetrise des risques<\/strong><\/p>\n\n\n\n<p class=\"has-black-color has-text-color\"><strong>Optimisations du projet<\/strong><\/p>\n\n\n\n<p class=\"has-black-color has-text-color\"><strong>Pilotage de l&rsquo;op\u00e9ration<\/strong><\/p>\n\n\n\n<p class=\"has-black-color has-text-color\">Notre expertise et notre exp\u00e9rience nous permettent:<br>&#8211; d&rsquo;identifier, d&rsquo;anticiper et de g\u00e9rer les risques administratifs, fonctionnels, techniques, juridiques et de planning li\u00e9s aux op\u00e9rations,<br>&#8211; d&rsquo;\u00eatre force de proposition pour les arbitrages, les am\u00e9liorations et les solutions d&rsquo;optimisations dans le respect des objectifs,<br>&#8211; d&rsquo;identifier et mettre en place l&rsquo;\u00e9quipe experte adapt\u00e9e aux sp\u00e9cificit\u00e9s de chaque projet,<br>&#8211; d&rsquo;assurer la mise en place et le suivi pr\u00e9cis des param\u00e8tres et indicateurs majeurs li\u00e9s au pilotage du projet (co\u00fbt, avancement, qualit\u00e9).<br><\/p>\n<\/div><figure class=\"wp-block-media-text__media\"><img loading=\"lazy\" decoding=\"async\" width=\"674\" height=\"464\" src=\"http:\/\/reahm-developpement.com\/wp-content\/uploads\/2022\/11\/PG_2.jpg\" alt=\"\" class=\"wp-image-194 size-full\" srcset=\"https:\/\/reahm-developpement.com\/wp-content\/uploads\/2022\/11\/PG_2.jpg 674w, https:\/\/reahm-developpement.com\/wp-content\/uploads\/2022\/11\/PG_2-300x207.jpg 300w\" sizes=\"auto, (max-width: 674px) 100vw, 674px\" \/><\/figure><\/div>\n\n\n\n<p><\/p>\n\n\n\n<hr class=\"wp-block-separator has-alpha-channel-opacity\"\/>\n\n\n\n<p><\/p>\n\n\n\n<h2 class=\"wp-block-heading\" style=\"padding-top:var(--wp--preset--spacing--40);padding-right:var(--wp--preset--spacing--40);padding-bottom:var(--wp--preset--spacing--40);padding-left:var(--wp--preset--spacing--40)\">MA\u00ceTRISE D&rsquo;OUVRAGE D\u00c9L\u00c9GU\u00c9E (MOD)<\/h2>\n\n\n\n<div class=\"wp-block-media-text is-stacked-on-mobile\" style=\"padding-top:var(--wp--preset--spacing--40);padding-right:var(--wp--preset--spacing--40);padding-bottom:var(--wp--preset--spacing--40);padding-left:var(--wp--preset--spacing--40);grid-template-columns:39% auto\"><figure class=\"wp-block-media-text__media\"><img loading=\"lazy\" decoding=\"async\" width=\"1500\" height=\"1500\" src=\"http:\/\/reahm-developpement.com\/wp-content\/uploads\/2022\/11\/sans-titre-5-1.jpg\" alt=\"\" class=\"wp-image-107 size-full\" srcset=\"https:\/\/reahm-developpement.com\/wp-content\/uploads\/2022\/11\/sans-titre-5-1.jpg 1500w, https:\/\/reahm-developpement.com\/wp-content\/uploads\/2022\/11\/sans-titre-5-1-300x300.jpg 300w, https:\/\/reahm-developpement.com\/wp-content\/uploads\/2022\/11\/sans-titre-5-1-1024x1024.jpg 1024w, https:\/\/reahm-developpement.com\/wp-content\/uploads\/2022\/11\/sans-titre-5-1-150x150.jpg 150w, https:\/\/reahm-developpement.com\/wp-content\/uploads\/2022\/11\/sans-titre-5-1-768x768.jpg 768w\" sizes=\"auto, (max-width: 1500px) 100vw, 1500px\" \/><\/figure><div class=\"wp-block-media-text__content\">\n<p class=\"has-black-color has-text-color\">Avec une mission de MOD, le ma\u00eetre d&rsquo;ouvrage \u00e0 la capacit\u00e9 de d\u00e9l\u00e9guer tout ou partie de ses pr\u00e9rogatives \u00e0 <strong>REAHM DEVELOPPEMENT<\/strong>.<\/p>\n\n\n\n<p class=\"has-black-color has-text-color\">Notre expertise acquise sur les projets complexes nous permet de repr\u00e9senter le ma\u00eetre d&rsquo;ouvrage dans un cadre pr\u00e9d\u00e9fini sur mesure avec lui et en toute transparence.<\/p>\n\n\n\n<ul class=\"has-black-color has-text-color wp-block-list\">\n<li>Repr\u00e9sentation de la ma\u00eetrise d&rsquo;ouvrage<\/li>\n\n\n\n<li>Mise en place des intervenants<\/li>\n\n\n\n<li>Suivi administratif, technique, juridique et financier<\/li>\n\n\n\n<li>Mise en place de process et d&rsquo;outils de reporting, tra\u00e7abilit\u00e9 des d\u00e9cisions et des \u00e9carts, mise en place de plans d&rsquo;actions correctifs<\/li>\n<\/ul>\n<\/div><\/div>\n\n\n\n<p><\/p>\n\n\n\n<hr class=\"wp-block-separator has-alpha-channel-opacity\"\/>\n\n\n\n<h2 class=\"wp-block-heading\">CONSEIL &amp; STRAT\u00c9GIE<\/h2>\n\n\n\n<div class=\"wp-block-media-text has-media-on-the-right is-stacked-on-mobile\"><div class=\"wp-block-media-text__content\">\n<p class=\"has-black-color has-text-color\">Nous accompagnons nos clients pour :<\/p>\n\n\n\n<ul class=\"has-black-color has-text-color wp-block-list\">\n<li>la d\u00e9finition de leur strat\u00e9gie immobili\u00e8re (investissements, transformation, arbitrage),<\/li>\n\n\n\n<li>l&rsquo;expertise en termes de valorisation, de programme d&rsquo;investissement, d&rsquo;exploitation,<\/li>\n\n\n\n<li>le d\u00e9veloppement durable : am\u00e9lioration des performances du b\u00e2timent : \u00e9nergies, eau, densit\u00e9 de construction, d\u00e9chets, etc<\/li>\n\n\n\n<li>les atteintes des objectifs en terme de d\u00e9cret tertiaire et d&rsquo;optimisation des co\u00fbts de gestion et d&rsquo;exploitation des sites.<\/li>\n<\/ul>\n<\/div><figure class=\"wp-block-media-text__media\"><img loading=\"lazy\" decoding=\"async\" width=\"674\" height=\"464\" src=\"http:\/\/reahm-developpement.com\/wp-content\/uploads\/2022\/11\/LCDP-interieur.jpg\" alt=\"\" class=\"wp-image-191 size-full\" srcset=\"https:\/\/reahm-developpement.com\/wp-content\/uploads\/2022\/11\/LCDP-interieur.jpg 674w, https:\/\/reahm-developpement.com\/wp-content\/uploads\/2022\/11\/LCDP-interieur-300x207.jpg 300w\" sizes=\"auto, (max-width: 674px) 100vw, 674px\" \/><\/figure><\/div>\n","protected":false},"excerpt":{"rendered":"<p>Chaque projet est unique.C&rsquo;est une analyse fine des enjeux et des sp\u00e9cificit\u00e9s de l&rsquo;op\u00e9ration qui permet de proposer une prestation sur-mesure et mettre en place l&rsquo;\u00e9quipe associ\u00e9e. Depuis la d\u00e9finition des besoins jusqu&rsquo;\u00e0 la mise en exploitation, notre \u00e9quipe intervient \u00e0 la fois au niveau strat\u00e9gique et op\u00e9rationnel pour d\u00e9fendre les int\u00e9r\u00eats de nos clients:&hellip;&nbsp;<a href=\"https:\/\/reahm-developpement.com\/index.php\/nos-missions\/\" class=\"\" rel=\"bookmark\">Lire la suite &raquo;<span class=\"screen-reader-text\">NOS MISSIONS<\/span><\/a><\/p>\n","protected":false},"author":1,"featured_media":0,"parent":0,"menu_order":0,"comment_status":"closed","ping_status":"closed","template":"","meta":{"neve_meta_sidebar":"","neve_meta_container":"contained","neve_meta_enable_content_width":"on","neve_meta_content_width":100,"neve_meta_title_alignment":"","neve_meta_author_avatar":"","neve_post_elements_order":"","neve_meta_disable_header":"","neve_meta_disable_footer":"","neve_meta_disable_title":"","footnotes":""},"class_list":["post-88","page","type-page","status-publish","hentry"],"_links":{"self":[{"href":"https:\/\/reahm-developpement.com\/index.php\/wp-json\/wp\/v2\/pages\/88","targetHints":{"allow":["GET"]}}],"collection":[{"href":"https:\/\/reahm-developpement.com\/index.php\/wp-json\/wp\/v2\/pages"}],"about":[{"href":"https:\/\/reahm-developpement.com\/index.php\/wp-json\/wp\/v2\/types\/page"}],"author":[{"embeddable":true,"href":"https:\/\/reahm-developpement.com\/index.php\/wp-json\/wp\/v2\/users\/1"}],"replies":[{"embeddable":true,"href":"https:\/\/reahm-developpement.com\/index.php\/wp-json\/wp\/v2\/comments?post=88"}],"version-history":[{"count":13,"href":"https:\/\/reahm-developpement.com\/index.php\/wp-json\/wp\/v2\/pages\/88\/revisions"}],"predecessor-version":[{"id":412,"href":"https:\/\/reahm-developpement.com\/index.php\/wp-json\/wp\/v2\/pages\/88\/revisions\/412"}],"wp:attachment":[{"href":"https:\/\/reahm-developpement.com\/index.php\/wp-json\/wp\/v2\/media?parent=88"}],"curies":[{"name":"wp","href":"https:\/\/api.w.org\/{rel}","templated":true}]}}