{"id":87,"date":"2022-11-04T14:50:52","date_gmt":"2022-11-04T13:50:52","guid":{"rendered":"https:\/\/reahmdev.wordpress.com\/?page_id=32"},"modified":"2023-03-27T12:13:30","modified_gmt":"2023-03-27T10:13:30","slug":"notre-adn","status":"publish","type":"page","link":"https:\/\/reahm-developpement.com\/index.php\/notre-adn\/","title":{"rendered":"NOTRE ADN ET NOS VALEURS"},"content":{"rendered":"\n<div class=\"wp-block-group\"><div class=\"wp-block-group__inner-container is-layout-constrained wp-block-group-is-layout-constrained\">\n<p class=\"has-black-color has-text-color\"><strong>REAHM DEVELOPPEMENT<\/strong>, c\u2019est avant tout une \u00e9quipe d&rsquo;experts et professionnels de l&rsquo;immobilier, qui aime relever les d\u00e9fis de ses clients.&nbsp;<\/p>\n\n\n\n<p class=\"has-black-color has-text-color\">Une \u00e9quipe compl\u00e9mentaire qui s\u2019engage au c\u00f4t\u00e9 de ses clients&nbsp;pour d\u00e9fendre leurs int\u00e9r\u00eats dans une d\u00e9marche proactive et pour atteindre les objectifs techniques, administratifs et financiers li\u00e9s aux op\u00e9rations complexes.<\/p>\n\n\n\n<p class=\"has-black-color has-text-color\"><strong>REAHM DEVELOPPEMENT ce sont :&nbsp;<\/strong><\/p>\n\n\n\n<p class=\"has-black-color has-text-color\"><strong>&#8211; Les avantages d\u2019une structure multidisciplinaire&nbsp;<\/strong>: des dossiers pilot\u00e9s par des profils exp\u00e9riment\u00e9s, une capacit\u00e9 \u00e0 \u00e9changer avec des interlocuteurs de haut niveau, des outils de suivi et de pilotage performants.<\/p>\n\n\n\n<p class=\"has-black-color has-text-color\"><strong>&#8211;&nbsp;Les atouts d\u2019une \u00e9quipe \u00e0 taille humaine<\/strong>, r\u00e9active et impliqu\u00e9e, avec une ma\u00eetrise des dossiers sur toute la cha\u00eene immobili\u00e8re<\/p>\n<\/div><\/div>\n\n\n\n<div class=\"wp-block-group\"><div class=\"wp-block-group__inner-container is-layout-constrained wp-block-group-is-layout-constrained\">\n<p class=\"has-text-align-center has-nv-site-bg-color has-neve-link-hover-color-background-color has-text-color has-background\">\u00ab&nbsp;Nous privil\u00e9gions la qualit\u00e9 de la relation car nous avons \u00e0 c\u0153ur de d\u00e9velopper un partenariat avec nos clients pour les accompagner dans leurs besoins et \u00e9volutions.<br>Toutes nos missions sont conduites avec un engagement absolu et en totale transparence avec le client.&nbsp;\u00bb&nbsp;<br><strong>Guy HERY, Fondateur et G\u00e9rant<\/strong><\/p>\n<\/div><\/div>\n\n\n\n<hr class=\"wp-block-separator has-alpha-channel-opacity\"\/>\n\n\n\n<div class=\"wp-block-media-text has-media-on-the-right is-stacked-on-mobile\" style=\"grid-template-columns:auto 49%\"><div class=\"wp-block-media-text__content\">\n<p class=\"has-text-align-center has-black-color has-text-color\"><strong>ENGAGEMENT ET REACTIVITE<\/strong><br>Des \u00e9quipes pleinement investies en mode projet.<\/p>\n\n\n\n<p class=\"has-text-align-center\"><strong>EXIGENCE<\/strong><br>Une recherche de l&rsquo;efficience et de l&rsquo;excellence dans toute l&rsquo;approche du dossier.<\/p>\n\n\n\n<p class=\"has-text-align-center\"><strong>TRANSPARENCE<\/strong><br>Les \u00e9quipes travaillent en partenariat avec le ma\u00eetre d&rsquo;ouvrage dans une transparence totale pour transmettre les informations de fa\u00e7on claire, synth\u00e9tique et directe.<\/p>\n\n\n\n<p class=\"has-text-align-center has-black-color has-text-color\"><strong>ECOUTE DU CLIENT<\/strong><br>Un accompagnement sur mesure, l&rsquo;adaptation aux sp\u00e9cifi\u00e2tes du client et du projet.<\/p>\n<\/div><figure class=\"wp-block-media-text__media\"><img loading=\"lazy\" decoding=\"async\" width=\"674\" height=\"464\" src=\"http:\/\/reahm-developpement.com\/wp-content\/uploads\/2023\/03\/BOURGET-2.png\" alt=\"\" class=\"wp-image-342 size-full\" srcset=\"https:\/\/reahm-developpement.com\/wp-content\/uploads\/2023\/03\/BOURGET-2.png 674w, https:\/\/reahm-developpement.com\/wp-content\/uploads\/2023\/03\/BOURGET-2-300x207.png 300w\" sizes=\"auto, (max-width: 674px) 100vw, 674px\" \/><\/figure><\/div>\n\n\n\n<hr class=\"wp-block-separator has-alpha-channel-opacity\"\/>\n\n\n\n<p><\/p>\n\n\n\n<div class=\"wp-block-group\"><div class=\"wp-block-group__inner-container is-layout-constrained wp-block-group-is-layout-constrained\">\n<h2 class=\"wp-block-heading\">NOS COMPETENCES<\/h2>\n\n\n\n<p class=\"has-black-color has-text-color\" style=\"padding-top:0;padding-right:0;padding-bottom:0;padding-left:0\">L\u2019expertise de <strong>REAHM DEVELOPPEMENT<\/strong> s\u2019est construite sur&nbsp;:<br>&#8211; Des projets d\u2019une grande&nbsp;<strong>diversit\u00e9<\/strong>&nbsp;: H\u00f4tels, logements, bureaux, grands \u00e9quipements culturels et sportifs et techniques, Data Center.<br>&#8211; Des projets&nbsp;<strong>neufs<\/strong>&nbsp;et en&nbsp;<strong>r\u00e9habilitation<\/strong> lourde.<br>&#8211; Un positionnement cl\u00e9 aupr\u00e8s&nbsp;<strong>des investisseurs<\/strong>, des&nbsp;<strong>promoteurs<\/strong>&nbsp;et des <strong>utilisateurs<\/strong>.<br><\/p>\n\n\n\n<p class=\"has-black-color has-text-color\" style=\"padding-top:0;padding-right:0;padding-bottom:0;padding-left:0\">C\u2019est cette expertise qui nous permet de vous proposer un accompagnement d\u2019excellence avec&nbsp;:<br>&#8211; Une \u00e9quipe dans laquelle chaque collaborateur est polyvalent : comp\u00e9tences techniques, juridiques, financi\u00e8res et administratives<br>&#8211; Une vision de toute la chaine de valeurs immobili\u00e8res depuis le montage, la conception et la construction jusqu&rsquo;\u00e0 l&rsquo;exploitation avec l&rsquo;int\u00e9gration des grands enjeux environnementaux et \u00e9nerg\u00e9tiques.<br>&#8211; Une expertise reconnue des dossiers complexes.<br>&#8211; Une ma\u00eetrise des process afin d\u2019assurer un respect total des objectifs en termes de: programme, qualit\u00e9, technique, approche environnementale et sociale, couts et    d\u00e9lais.<br>&#8211; Une capacit\u00e9 d\u2019analyse et de synth\u00e8se des probl\u00e9matiques, avec identification des enjeux et d\u00e9finition des objectifs \u00e0 atteindre et des moyens \u00e0 associer.<\/p>\n<\/div><\/div>\n","protected":false},"excerpt":{"rendered":"<p>REAHM DEVELOPPEMENT, c\u2019est avant tout une \u00e9quipe d&rsquo;experts et professionnels de l&rsquo;immobilier, qui aime relever les d\u00e9fis de ses clients.&nbsp; Une \u00e9quipe compl\u00e9mentaire qui s\u2019engage au c\u00f4t\u00e9 de ses clients&nbsp;pour d\u00e9fendre leurs int\u00e9r\u00eats dans une d\u00e9marche proactive et pour atteindre les objectifs techniques, administratifs et financiers li\u00e9s aux op\u00e9rations complexes. REAHM DEVELOPPEMENT ce sont :&nbsp;&hellip;&nbsp;<a href=\"https:\/\/reahm-developpement.com\/index.php\/notre-adn\/\" class=\"\" rel=\"bookmark\">Lire la suite &raquo;<span class=\"screen-reader-text\">NOTRE ADN ET NOS VALEURS<\/span><\/a><\/p>\n","protected":false},"author":1,"featured_media":0,"parent":0,"menu_order":0,"comment_status":"closed","ping_status":"closed","template":"","meta":{"neve_meta_sidebar":"","neve_meta_container":"","neve_meta_enable_content_width":"","neve_meta_content_width":0,"neve_meta_title_alignment":"","neve_meta_author_avatar":"","neve_post_elements_order":"","neve_meta_disable_header":"","neve_meta_disable_footer":"","neve_meta_disable_title":"","footnotes":""},"class_list":["post-87","page","type-page","status-publish","hentry"],"_links":{"self":[{"href":"https:\/\/reahm-developpement.com\/index.php\/wp-json\/wp\/v2\/pages\/87","targetHints":{"allow":["GET"]}}],"collection":[{"href":"https:\/\/reahm-developpement.com\/index.php\/wp-json\/wp\/v2\/pages"}],"about":[{"href":"https:\/\/reahm-developpement.com\/index.php\/wp-json\/wp\/v2\/types\/page"}],"author":[{"embeddable":true,"href":"https:\/\/reahm-developpement.com\/index.php\/wp-json\/wp\/v2\/users\/1"}],"replies":[{"embeddable":true,"href":"https:\/\/reahm-developpement.com\/index.php\/wp-json\/wp\/v2\/comments?post=87"}],"version-history":[{"count":16,"href":"https:\/\/reahm-developpement.com\/index.php\/wp-json\/wp\/v2\/pages\/87\/revisions"}],"predecessor-version":[{"id":404,"href":"https:\/\/reahm-developpement.com\/index.php\/wp-json\/wp\/v2\/pages\/87\/revisions\/404"}],"wp:attachment":[{"href":"https:\/\/reahm-developpement.com\/index.php\/wp-json\/wp\/v2\/media?parent=87"}],"curies":[{"name":"wp","href":"https:\/\/api.w.org\/{rel}","templated":true}]}}