{"id":31,"date":"2022-11-04T14:50:51","date_gmt":"2022-11-04T13:50:51","guid":{"rendered":"https:\/\/reahmdev.wordpress.com\/?page_id=31"},"modified":"2023-03-27T14:07:22","modified_gmt":"2023-03-27T12:07:22","slug":"a-propos","status":"publish","type":"page","link":"https:\/\/reahm-developpement.com\/","title":{"rendered":""},"content":{"rendered":"\n<p><\/p>\n\n\n\n<div class=\"wp-block-columns alignwide is-layout-flex wp-container-core-columns-is-layout-9d6595d7 wp-block-columns-is-layout-flex\">\n<div class=\"wp-block-column is-layout-flow wp-block-column-is-layout-flow\">\n<p class=\"has-x-large-font-size\"><strong>A PROPOS<\/strong><\/p>\n<\/div>\n<\/div>\n\n\n\n<div class=\"wp-block-jetpack-slideshow alignwide\" data-autoplay=\"true\" data-delay=\"3\" data-effect=\"slide\"><div class=\"wp-block-jetpack-slideshow_container swiper-container\"><ul class=\"wp-block-jetpack-slideshow_swiper-wrapper swiper-wrapper\"><li class=\"wp-block-jetpack-slideshow_slide swiper-slide\"><figure><img loading=\"lazy\" decoding=\"async\" width=\"1024\" height=\"377\" alt=\"\" class=\"wp-block-jetpack-slideshow_image wp-image-101\" data-id=\"101\" src=\"http:\/\/reahm-developpement.com\/wp-content\/uploads\/2022\/11\/sans-titre1-1024x377.jpg\" srcset=\"https:\/\/reahm-developpement.com\/wp-content\/uploads\/2022\/11\/sans-titre1-1024x377.jpg 1024w, https:\/\/reahm-developpement.com\/wp-content\/uploads\/2022\/11\/sans-titre1-300x110.jpg 300w, https:\/\/reahm-developpement.com\/wp-content\/uploads\/2022\/11\/sans-titre1-768x283.jpg 768w, https:\/\/reahm-developpement.com\/wp-content\/uploads\/2022\/11\/sans-titre1.jpg 1282w\" sizes=\"auto, (max-width: 1024px) 100vw, 1024px\" \/><figcaption class=\"wp-block-jetpack-slideshow_caption gallery-caption\">H\u00f4tel Miramar La Cigale, Arzon<\/figcaption><\/figure><\/li><li class=\"wp-block-jetpack-slideshow_slide swiper-slide\"><figure><img loading=\"lazy\" decoding=\"async\" width=\"1024\" height=\"358\" alt=\"\" class=\"wp-block-jetpack-slideshow_image wp-image-307\" data-id=\"307\" src=\"http:\/\/reahm-developpement.com\/wp-content\/uploads\/2023\/03\/The_Maybourne_Riviera_Exterior_shot-1024x358.jpg\" srcset=\"https:\/\/reahm-developpement.com\/wp-content\/uploads\/2023\/03\/The_Maybourne_Riviera_Exterior_shot-1024x358.jpg 1024w, https:\/\/reahm-developpement.com\/wp-content\/uploads\/2023\/03\/The_Maybourne_Riviera_Exterior_shot-300x105.jpg 300w, https:\/\/reahm-developpement.com\/wp-content\/uploads\/2023\/03\/The_Maybourne_Riviera_Exterior_shot-768x269.jpg 768w, https:\/\/reahm-developpement.com\/wp-content\/uploads\/2023\/03\/The_Maybourne_Riviera_Exterior_shot-1536x538.jpg 1536w, https:\/\/reahm-developpement.com\/wp-content\/uploads\/2023\/03\/The_Maybourne_Riviera_Exterior_shot.jpg 1600w\" sizes=\"auto, (max-width: 1024px) 100vw, 1024px\" \/><figcaption class=\"wp-block-jetpack-slideshow_caption gallery-caption\">H\u00f4tel Maybourne Riviera, Roquebrune-Cap-Martin<\/figcaption><\/figure><\/li><li class=\"wp-block-jetpack-slideshow_slide swiper-slide\"><figure><img loading=\"lazy\" decoding=\"async\" width=\"1024\" height=\"363\" alt=\"\" class=\"wp-block-jetpack-slideshow_image wp-image-308\" data-id=\"308\" src=\"http:\/\/reahm-developpement.com\/wp-content\/uploads\/2023\/03\/Louvre-lens-nuit3-1024x363.jpg\" srcset=\"https:\/\/reahm-developpement.com\/wp-content\/uploads\/2023\/03\/Louvre-lens-nuit3-1024x363.jpg 1024w, https:\/\/reahm-developpement.com\/wp-content\/uploads\/2023\/03\/Louvre-lens-nuit3-300x106.jpg 300w, https:\/\/reahm-developpement.com\/wp-content\/uploads\/2023\/03\/Louvre-lens-nuit3-768x272.jpg 768w, https:\/\/reahm-developpement.com\/wp-content\/uploads\/2023\/03\/Louvre-lens-nuit3-1536x544.jpg 1536w, https:\/\/reahm-developpement.com\/wp-content\/uploads\/2023\/03\/Louvre-lens-nuit3.jpg 1920w\" sizes=\"auto, (max-width: 1024px) 100vw, 1024px\" \/><figcaption class=\"wp-block-jetpack-slideshow_caption gallery-caption\">Louvre, Lens<\/figcaption><\/figure><\/li><\/ul><a class=\"wp-block-jetpack-slideshow_button-prev swiper-button-prev swiper-button-white\" role=\"button\"><\/a><a class=\"wp-block-jetpack-slideshow_button-next swiper-button-next swiper-button-white\" role=\"button\"><\/a><a aria-label=\"Pause Slideshow\" class=\"wp-block-jetpack-slideshow_button-pause\" role=\"button\"><\/a><div class=\"wp-block-jetpack-slideshow_pagination swiper-pagination swiper-pagination-white\"><\/div><\/div><\/div>\n\n\n\n<div class=\"wp-block-media-text alignwide has-media-on-the-right is-stacked-on-mobile is-vertically-aligned-center\" style=\"grid-template-columns:auto 48%\"><div class=\"wp-block-media-text__content\">\n<p class=\"has-black-color has-text-color\"><strong>REAHM DEVELOPPEMENT<\/strong> est une soci\u00e9t\u00e9 de conseil, d&rsquo;expertise et de management de projets, cr\u00e9\u00e9e en 2007.\u200b<\/p>\n\n\n\n<p class=\"has-black-color has-text-color\"><strong>REAHM DEVELOPPEMENT<\/strong> propose un accompagnement sur-mesure et de haut niveau pour les&nbsp;<strong>investisseurs<\/strong> (Family-office, institutionnels, etc&#8230;), les&nbsp;<strong>promoteurs<\/strong>&nbsp;et les&nbsp;<strong>utilisateurs.<\/strong><\/p>\n\n\n\n<p class=\"has-black-color has-text-color\">Nous valorisons leurs projets en&nbsp;nous&nbsp;appuyant sur notre expertise de toute la chaine de valeurs immobili\u00e8res et sur de solides r\u00e9f\u00e9rences.\u200b<\/p>\n\n\n\n<p class=\"has-black-color has-text-color\">Nous intervenons dans les secteurs du tertiaire, du logement, de l&rsquo;h\u00f4tellerie, de l&rsquo;industrie, \u00e9quipements culturels et sportifs, de la r\u00e9sidence de services et de la sant\u00e9 et du life science.<\/p>\n\n\n\n<p class=\"has-black-color has-text-color\"><strong>REAHM DEVELOPPEMENT <\/strong>s\u2019est forg\u00e9e une expertise sur des projets complexes d\u2019envergure&nbsp;: Le mus\u00e9e du Louvre \u00e0 Lens, le Stade de Lens, le si\u00e8ge social de Technip \u00e0 Nanterre, l&rsquo;h\u00f4tel Maybourne Riviera \u00e0 Roquebrune-Cap-Martin, etc.<\/p>\n<\/div><figure class=\"wp-block-media-text__media\"><img loading=\"lazy\" decoding=\"async\" width=\"674\" height=\"464\" src=\"http:\/\/reahm-developpement.com\/wp-content\/uploads\/2022\/11\/PG_3.jpg\" alt=\"Pavillon Gabriel, Paris\" class=\"wp-image-195 size-full\" srcset=\"https:\/\/reahm-developpement.com\/wp-content\/uploads\/2022\/11\/PG_3.jpg 674w, https:\/\/reahm-developpement.com\/wp-content\/uploads\/2022\/11\/PG_3-300x207.jpg 300w\" sizes=\"auto, (max-width: 674px) 100vw, 674px\" \/><\/figure><\/div>\n\n\n\n<p><\/p>\n\n\n\n<p><\/p>\n\n\n\n<p><\/p>\n","protected":false},"excerpt":{"rendered":"<p>A PROPOS REAHM DEVELOPPEMENT est une soci\u00e9t\u00e9 de conseil, d&rsquo;expertise et de management de projets, cr\u00e9\u00e9e en 2007.\u200b REAHM DEVELOPPEMENT propose un accompagnement sur-mesure et de haut niveau pour les&nbsp;investisseurs (Family-office, institutionnels, etc&#8230;), les&nbsp;promoteurs&nbsp;et les&nbsp;utilisateurs. Nous valorisons leurs projets en&nbsp;nous&nbsp;appuyant sur notre expertise de toute la chaine de valeurs immobili\u00e8res et sur de solides r\u00e9f\u00e9rences.\u200b&hellip;&nbsp;<a href=\"https:\/\/reahm-developpement.com\/\" class=\"\" rel=\"bookmark\">Lire la suite &raquo;<span class=\"screen-reader-text\"><\/span><\/a><\/p>\n","protected":false},"author":1,"featured_media":0,"parent":0,"menu_order":0,"comment_status":"closed","ping_status":"closed","template":"","meta":{"neve_meta_sidebar":"","neve_meta_container":"","neve_meta_enable_content_width":"","neve_meta_content_width":0,"neve_meta_title_alignment":"","neve_meta_author_avatar":"","neve_post_elements_order":"","neve_meta_disable_header":"","neve_meta_disable_footer":"","neve_meta_disable_title":"","footnotes":""},"class_list":["post-31","page","type-page","status-publish","hentry"],"_links":{"self":[{"href":"https:\/\/reahm-developpement.com\/index.php\/wp-json\/wp\/v2\/pages\/31","targetHints":{"allow":["GET"]}}],"collection":[{"href":"https:\/\/reahm-developpement.com\/index.php\/wp-json\/wp\/v2\/pages"}],"about":[{"href":"https:\/\/reahm-developpement.com\/index.php\/wp-json\/wp\/v2\/types\/page"}],"author":[{"embeddable":true,"href":"https:\/\/reahm-developpement.com\/index.php\/wp-json\/wp\/v2\/users\/1"}],"replies":[{"embeddable":true,"href":"https:\/\/reahm-developpement.com\/index.php\/wp-json\/wp\/v2\/comments?post=31"}],"version-history":[{"count":20,"href":"https:\/\/reahm-developpement.com\/index.php\/wp-json\/wp\/v2\/pages\/31\/revisions"}],"predecessor-version":[{"id":426,"href":"https:\/\/reahm-developpement.com\/index.php\/wp-json\/wp\/v2\/pages\/31\/revisions\/426"}],"wp:attachment":[{"href":"https:\/\/reahm-developpement.com\/index.php\/wp-json\/wp\/v2\/media?parent=31"}],"curies":[{"name":"wp","href":"https:\/\/api.w.org\/{rel}","templated":true}]}}